{"id":4072,"date":"2020-12-08T14:06:12","date_gmt":"2020-12-08T13:06:12","guid":{"rendered":"http:\/\/new.peoab.com\/references\/"},"modified":"2022-01-24T09:55:41","modified_gmt":"2022-01-24T08:55:41","slug":"references","status":"publish","type":"page","link":"https:\/\/www.peoab.com\/en\/references\/","title":{"rendered":"References"},"content":{"rendered":"\t\t<div data-elementor-type=\"wp-page\" data-elementor-id=\"4072\" class=\"elementor elementor-4072 elementor-515\" data-elementor-settings=\"{&quot;ha_cmc_init_switcher&quot;:&quot;no&quot;}\" data-elementor-post-type=\"page\">\n\t\t\t\t\t\t<section class=\"elementor-section elementor-top-section elementor-element elementor-element-7c9eaa6 elementor-section-boxed elementor-section-height-default elementor-section-height-default\" data-id=\"7c9eaa6\" data-element_type=\"section\" data-e-type=\"section\">\n\t\t\t\t\t\t<div class=\"elementor-container elementor-column-gap-default\">\n\t\t\t\t\t<div class=\"elementor-column elementor-col-100 elementor-top-column elementor-element elementor-element-c4aea63\" data-id=\"c4aea63\" data-element_type=\"column\" data-e-type=\"column\">\n\t\t\t<div class=\"elementor-widget-wrap elementor-element-populated\">\n\t\t\t\t\t\t<div class=\"elementor-element elementor-element-de77a6c elementor-widget elementor-widget-heading\" data-id=\"de77a6c\" data-element_type=\"widget\" data-e-type=\"widget\" data-widget_type=\"heading.default\">\n\t\t\t\t<div class=\"elementor-widget-container\">\n\t\t\t\t\t<h1 class=\"elementor-heading-title elementor-size-default\">References<\/h1>\t\t\t\t<\/div>\n\t\t\t\t<\/div>\n\t\t\t\t\t<\/div>\n\t\t<\/div>\n\t\t\t\t\t<\/div>\n\t\t<\/section>\n\t\t\t\t<section class=\"elementor-section elementor-top-section elementor-element elementor-element-bff1aca elementor-section-boxed elementor-section-height-default elementor-section-height-default\" data-id=\"bff1aca\" data-element_type=\"section\" data-e-type=\"section\">\n\t\t\t\t\t\t<div class=\"elementor-container elementor-column-gap-default\">\n\t\t\t\t\t<div class=\"elementor-column elementor-col-100 elementor-top-column elementor-element elementor-element-328d2b9\" data-id=\"328d2b9\" data-element_type=\"column\" data-e-type=\"column\">\n\t\t\t<div class=\"elementor-widget-wrap elementor-element-populated\">\n\t\t\t\t\t\t<div class=\"elementor-element elementor-element-52c81f4 elementor-widget elementor-widget-eael-advanced-data-table\" data-id=\"52c81f4\" data-element_type=\"widget\" data-e-type=\"widget\" data-widget_type=\"eael-advanced-data-table.default\">\n\t\t\t\t<div class=\"elementor-widget-container\">\n\t\t\t\t\t<div class=\"ea-advanced-data-table-wrap\" data-id=\"52c81f4\"><div class=\"ea-advanced-data-table-search-wrap ea-advanced-data-table-search-left\"><input type=\"search\" placeholder=\"Search\" class=\"ea-advanced-data-table-search\"><\/div><div class=\"ea-advanced-data-table-wrap-inner\">\n                <table class=\"ea-advanced-data-table ea-advanced-data-table-google ea-advanced-data-table-52c81f4 ea-advanced-data-table-sortable ea-advanced-data-table-searchable\" data-id=\"52c81f4\"><thead><tr><th style=\"width:\">Purchaser<\/th><th style=\"width:\">End user<\/th><th style=\"width:\">Scope of supply<\/th><th style=\"width:\">Year<\/th><\/tr><\/thead><tbody><tr><td>Chemetics Inc, Canada<\/td><td>PT Tanjungenim Lestari P&amp;P<\/td><td>Supply of spare parts<\/td><td>2013<\/td><\/tr><tr><td>Metso\/Valmet Power Oy<\/td><td>BillerudKorsn\u00e4s, Karlsborg<\/td><td>Project management assistance for a DNCG system<\/td><td>2013-2014<\/td><\/tr><tr><td>Metso Power Oy<\/td><td>Advance Agro Pulp Mill<\/td><td>Process design Bleach Plant Scrubber<\/td><td>2013<\/td><\/tr><tr><td>Metso Power Oy<\/td><td>Mets\u00e4 Board Husum<\/td><td>Sales assistance<\/td><td>2013<\/td><\/tr><tr><td>Metso\/Valmet Power AB<\/td><td>S\u00f6dra Cell, V\u00e4r\u00f6<\/td><td>Pre-engineering of sludge system<\/td><td>2014<\/td><\/tr><tr><td>Chemetics Inc., Canada<\/td><td>Weyerhauser, USA<\/td><td>Supply of spare parts \u2013 new Pump tank and section No1<\/td><td>2014<\/td><\/tr><tr><td>Valmet Power Oy<\/td><td>Guaiba project, Brazil<\/td><td>Project- and Purchase management assistance for a Bleach Plant Scrubber<\/td><td>2014<\/td><\/tr><tr><td>Mets\u00e4 Board, Husum, Sweden<\/td><td>-<\/td><td>Preliminary design of final white liquor oxidation<\/td><td>2014<\/td><\/tr><tr><td>Chemetics Inc, Canada<\/td><td>Musi Pulp, Indonesia<\/td><td>Supply of spare parts \u2013 droplet separator<\/td><td>2014<\/td><\/tr><tr><td>Mets\u00e4 Board, Husum, Sweden<\/td><td>-<\/td><td>Detail engineering of new wlox reactor.<\/td><td>2014<\/td><\/tr><tr><td>Valmet Power AB<\/td><td>S\u00f6dra Cell V\u00e4r\u00f6<\/td><td>Detail engineering of new sludge hydrolyze plant<\/td><td>2014-2015<\/td><\/tr><tr><td>Valmet Power AB<\/td><td>Not disclosed<\/td><td>Basic process engineering of new sludge hydrolyze plant<\/td><td>2014<\/td><\/tr><tr><td>Valmet Power AB<\/td><td>Not disclosed<\/td><td>Basic process engineering of new sludge hydrolyze plant<\/td><td>2014-2015<\/td><\/tr><tr><td>Valmet AB, Sweden<\/td><td>S\u00f6dra Cell V\u00e4r\u00f6<\/td><td>Manufacturing drawings for sludge hydrolyze process tanks<\/td><td>2015<\/td><\/tr><tr><td>Chemetics Inc., Canada<\/td><td>IP Eastover mill, USA<\/td><td>Spare parts to CNCG burner<\/td><td>2015<\/td><\/tr><tr><td>Chemetics Inc., Canada<\/td><td>Musi P&amp;P, Indonesia<\/td><td>PVC &amp; CPVC installation details<\/td><td>2015<\/td><\/tr><tr><td>Valmet AB, Sweden<\/td><td>IKPP; Perawang, Indonesia<\/td><td>On site study<\/td><td>2015-2016<\/td><\/tr><tr><td>Eurocon Engineering AB, Sweden<\/td><td>Pulp mill, Sweden<\/td><td>Cost estimate piping &amp; equipment<\/td><td>2015<\/td><\/tr><tr><td>Eurocon Engineering AB, Sweden<\/td><td>SCA \u00d6strand, Sweden<\/td><td>Process consultant<\/td><td>2016-2018<\/td><\/tr><tr><td>Mondi Dyn\u00e4s, Sweden<\/td><td>-<\/td><td>Manufacturing drawing<\/td><td>2016<\/td><\/tr><tr><td>Valmet AB, Sweden<\/td><td>S\u00f6dra Cell V\u00e4r\u00f6<\/td><td>Start-up sludge hydrolyze plant<\/td><td>2016<\/td><\/tr><tr><td>Mondi Dyn\u00e4s, Sweden<\/td><td>-<\/td><td>Spare parts to CNCG burner<\/td><td>2016<\/td><\/tr><tr><td>Mondi Dyn\u00e4s, Sweden<\/td><td>-<\/td><td>Spare part to steam boiler<\/td><td>2016<\/td><\/tr><tr><td>Mondi Dyn\u00e4s, Sweden<\/td><td>-<\/td><td>DNCG Droplet separator<\/td><td>2016<\/td><\/tr><tr><td>Norco Plast AB<\/td><td>Mets\u00e4 Board, Husum Mill<\/td><td>Droplet separator<\/td><td>2016<\/td><\/tr><tr><td>Valmet AB, Sweden<\/td><td>SCA \u00d6strand, Helios<\/td><td>Process support \u2013 sludge hydrolyze plant<\/td><td>2017<\/td><\/tr><tr><td>MISTAB<\/td><td>Mondi, Dyn\u00e4s<\/td><td>Project management - CNCG condensor<\/td><td>2017<\/td><\/tr><tr><td>MISTAB<\/td><td>Vallvik<\/td><td>Project management - Re-build of condensate tank<\/td><td>2017<\/td><\/tr><tr><td>Mondi Dyn\u00e4s, Sweden<\/td><td>-<\/td><td>Spare parts to CNCG burner<\/td><td>2017<\/td><\/tr><tr><td>S\u00f6dra Cell, M\u00f6rrum<\/td><td><\/td><td>Flame arrestor<\/td><td>2017<\/td><\/tr><tr><td>MISTAB<\/td><td>Mondi, Dyn\u00e4s<\/td><td>Project management - Pressure vessel<\/td><td>2018<\/td><\/tr><tr><td>Eurocon Engineering AB, Sweden<\/td><td>Chemical mill, Sweden<\/td><td>Cost estimate piping &amp; equipment<\/td><td>2018<\/td><\/tr><tr><td>Eurocon Engineering AB, Sweden<\/td><td>SCA \u00d6strand, Sweden<\/td><td>Project management - Re-build of condensate tank<\/td><td>2018<\/td><\/tr><tr><td>Mondi Dyn\u00e4s, Sweden<\/td><td>-<\/td><td>Spare parts to CNCG burner<\/td><td>2018<\/td><\/tr><tr><td>Norco Plast AB<\/td><td>Mets\u00e4 Board, Husum Mill<\/td><td>Droplet separator<\/td><td>2018<\/td><\/tr><tr><td>Chemetics Inc<\/td><td>NIPPON DYNAWAVE PACKAGING \/ LONGVIE<\/td><td>Distribution trays<\/td><td>2018<\/td><\/tr><tr><td>Chemetics Inc<\/td><td>PT TANJUNGENIM LESTARI PULP &amp; PAPER<\/td><td>Droplet separator<\/td><td>2018<\/td><\/tr><tr><td>MISTAB<\/td><td>Mondi, Dyn\u00e4s<\/td><td>Project management \u2013 adding spry nozzles to flue gas scrubber<\/td><td>2018<\/td><\/tr><tr><td>Eurocon Engineering AB<\/td><td>Ahlstrom Munksj\u00f6 Paper AB, Billingsfors<\/td><td>Mechanical service CNCG burner<\/td><td>2018<\/td><\/tr><tr><td>Valmet AB<\/td><td>SAPPI; Ngodwana, South Africa<\/td><td>Spare parts to Bleach Plant Scrubber<\/td><td>2018-2019<\/td><\/tr><tr><td>Mondi Dyn\u00e4s, Sweden<\/td><td>-<\/td><td>Spare parts to CNCG burner<\/td><td>2018-2019<\/td><\/tr><tr><td>Eurocon Engineering AB<\/td><td>Chemical mill<\/td><td>Cost estimate piping &amp; equipment<\/td><td>2019<\/td><\/tr><tr><td>Chemetics Inc<\/td><td>Kinleiths Pulp, New Zealand<\/td><td>Mechanical calculations<\/td><td>2019<\/td><\/tr><tr><td>Eurocon Engineering AB<\/td><td>Alhstom-Munksj\u00f6, Billingsfors<\/td><td>Mechanial service CNCG\/Burner<\/td><td>2019<\/td><\/tr><tr><td>MISTAB<\/td><td>Mondi, Dyn\u00e4s<\/td><td>Project management - Black liquor coolers<\/td><td>2019<\/td><\/tr><tr><td>MISTAB<\/td><td>Eurocon Engineering \/ MoRe<\/td><td>Project management - pre-engineering project<\/td><td>2019<\/td><\/tr><tr><td>Termap AB<\/td><td>-<\/td><td>Process design venting scrubber<\/td><td>2019<\/td><\/tr><tr><td>Mondi, Dyn\u00e4s, Sweden<\/td><td>-<\/td><td>Spare part to CNCG burner<\/td><td>2019<\/td><\/tr><tr><td>Chemetics Inc<\/td><td>PT Riau Andalan P&amp;P, Indonesia<\/td><td>Droplet separator<\/td><td>2019<\/td><\/tr><tr><td>MISTAB<\/td><td>Ocean TuniCell AS, Norge<\/td><td>Cost estimate, equipment design<\/td><td>2020<\/td><\/tr><tr><td>Eurocon Engineering AB<\/td><td>Not disclosed<\/td><td>Project management<\/td><td>2020<\/td><\/tr><tr><td>Mondi, Dyn\u00e4s Sweden<\/td><td>-<\/td><td>Spare part to CNCG burner<\/td><td>2020<\/td><\/tr><tr><td>Chemetics Inc<\/td><td>PT TANJUNGENIMP&amp;P, Indonesia<\/td><td>Droplet separator<\/td><td>2020<\/td><\/tr><tr><td>MISTAB<\/td><td>Iggesund<\/td><td>Project management &amp; erection supervision<\/td><td>2020-21<\/td><\/tr><tr><td>S\u00f6dra Cell<\/td><td>M\u00f6rrum<\/td><td>Flamskydd<\/td><td>2020<\/td><\/tr><tr><td>Mondi, Dyn\u00e4s, Sweden<\/td><td>-<\/td><td>Spare part to CNCG burner<\/td><td>2020<\/td><\/tr><tr><td>Mondi, Dyn\u00e4s, Sweden<\/td><td>-<\/td><td>New CNCG combustion chamber.<\/td><td>2021<\/td><\/tr><tr><td>Mondi, Dyn\u00e4s, Sweden<\/td><td>-<\/td><td>Spare part to CNCG burner<\/td><td>2021<\/td><\/tr><tr><td>Chemetics Inc, Canada<\/td><td>NIPPON DYNAWAVE PACKAGING<\/td><td>Spare part to ClO2 absorber<\/td><td>2021<\/td><\/tr><tr><td>Norco Plast AB<\/td><td>Mets\u00e4 Board, Husum Mill<\/td><td>Droplet separator to Bleach Plant Scrubber<\/td><td>2021<\/td><\/tr><tr><td>MISTAB<\/td><td>Iggesund<\/td><td>Assembley supervisor for a rotary blower<\/td><td>2021<\/td><\/tr><tr><td>Mondi, Dyn\u00e4s, Sweden<\/td><td>-<\/td><td>Spare part to CNCG burner<\/td><td>2021<\/td><\/tr><tr><td>Chemetics Inc, Canada<\/td><td>NIPPON DYNAWAVE PACKAGING USA<\/td><td>Top Cap ClO2 absorber<\/td><td>2021-22<\/td><\/tr><tr><td>Mondi, Dyn\u00e4s, Sweden<\/td><td>-<\/td><td>Spare part to CNCG burner<\/td><td>2022<\/td><\/tr><tr><td>Eurocon Engineering AB<\/td><td>not disclosed<\/td><td>Cost estimation<\/td><td>2022<\/td><\/tr><tr><td>S\u00f6dra Cell<\/td><td>M\u00f6nster\u00e5s<\/td><td>Flamskydd<\/td><td>2023<\/td><\/tr><tr><td>Eurocon Engineering AB<\/td><td>not disclosed<\/td><td>Saftey valve<\/td><td>2023<\/td><\/tr><tr><td>Chemetics Inc. Canada<\/td><td>NIPPON DYNAWAVE PACKAGING USA<\/td><td>Top Cap ClO2 absorber<\/td><td>2023-24<\/td><\/tr><tr><td>Celulosa Arauco y Constituci\u00f3n S.A.<\/td><td>Celulosa Planta Nueva Aldea<\/td><td>Instructions for Bleach Plant Scrubber<\/td><td>2024<\/td><\/tr><tr><td>Mondi, Dyn\u00e4s, Sweden<\/td><td>-<\/td><td>Spare part to CNCG burner<\/td><td>2024<\/td><\/tr><tr><td>Chemetics Inc, Canada<\/td><td>NIPPON DYNAWAVE PACKAGING USA<\/td><td>Spare part to Vent Gas Scrubber<\/td><td>2024-25<\/td><\/tr><tr><td>MISTAB<\/td><td>Rottneros, Vallviks Bruk AB<\/td><td>Project management for a new condensor<\/td><td>2024-25<\/td><\/tr><tr><td>Worley Chemetics Inc<\/td><td>Nippon Dynawave Packaging<\/td><td>Top Cap, Vent gas scrubber<\/td><td>2025-26<\/td><\/tr><tr><td>Worley Chemetics Inc<\/td><td>PT Riau Andalan  P&amp;P, Indonesia<\/td><td>Spare parts for different ClO2 absorbers<\/td><td>2026<\/td><\/tr><tr><td>Termap AB, Rengsj\u00f6, Sweden<\/td><td>Billerud G\u00e4vle, Sweden<\/td><td>Parts for a new bleach plant scrubber<\/td><td>2026<\/td><\/tr><tr><td><\/td><td><\/td><td><\/td><td><\/td><\/tr><tr><td><\/td><td><\/td><td><\/td><td><\/td><\/tr><tr><td><\/td><td><\/td><td><\/td><td><\/td><\/tr><tr><td><\/td><td><\/td><td><\/td><td><\/td><\/tr><tr><td><\/td><td><\/td><td><\/td><td><\/td><\/tr><tr><td><\/td><td><\/td><td><\/td><td><\/td><\/tr><tr><td><\/td><td><\/td><td><\/td><td><\/td><\/tr><tr><td><\/td><td><\/td><td><\/td><td><\/td><\/tr><tr><td><\/td><td><\/td><td><\/td><td><\/td><\/tr><tr><td><\/td><td><\/td><td><\/td><td><\/td><\/tr><tr><td><\/td><td><\/td><td><\/td><td><\/td><\/tr><tr><td><\/td><td><\/td><td><\/td><td><\/td><\/tr><tr><td><\/td><td><\/td><td><\/td><td><\/td><\/tr><tr><td><\/td><td><\/td><td><\/td><td><\/td><\/tr><tr><td><\/td><td><\/td><td><\/td><td><\/td><\/tr><tr><td><\/td><td><\/td><td><\/td><td><\/td><\/tr><tr><td><\/td><td><\/td><td><\/td><td><\/td><\/tr><tr><td><\/td><td><\/td><td><\/td><td><\/td><\/tr><tr><td><\/td><td><\/td><td><\/td><td><\/td><\/tr><tr><td><\/td><td><\/td><td><\/td><td><\/td><\/tr><tr><td><\/td><td><\/td><td><\/td><td><\/td><\/tr><tr><td><\/td><td><\/td><td><\/td><td><\/td><\/tr><tr><td><\/td><td><\/td><td><\/td><td><\/td><\/tr><tr><td><\/td><td><\/td><td><\/td><td><\/td><\/tr><tr><td><\/td><td><\/td><td><\/td><td><\/td><\/tr><\/tbody><\/table>\n            <\/div><\/div>\t\t\t\t<\/div>\n\t\t\t\t<\/div>\n\t\t\t\t\t<\/div>\n\t\t<\/div>\n\t\t\t\t\t<\/div>\n\t\t<\/section>\n\t\t\t\t<\/div>\n\t\t","protected":false},"excerpt":{"rendered":"<p>References Purchaser End user Scope of supply Year Chemetics Inc, Canada PT Tanjungenim Lestari P&#038;P Supply of spare parts 2013 Metso\/Valmet Power Oy BillerudKorsn\u00e4s, Karlsborg Project management assistance for a DNCG system 2013-2014 Metso Power Oy Advance Agro Pulp Mill Process design Bleach Plant Scrubber 2013 Metso Power Oy Mets\u00e4 Board Husum Sales assistance 2013 [&hellip;]<\/p>\n","protected":false},"author":1,"featured_media":0,"parent":0,"menu_order":60,"comment_status":"closed","ping_status":"closed","template":"","meta":{"footnotes":""},"class_list":["post-4072","page","type-page","status-publish","hentry"],"_links":{"self":[{"href":"https:\/\/www.peoab.com\/en\/wp-json\/wp\/v2\/pages\/4072","targetHints":{"allow":["GET"]}}],"collection":[{"href":"https:\/\/www.peoab.com\/en\/wp-json\/wp\/v2\/pages"}],"about":[{"href":"https:\/\/www.peoab.com\/en\/wp-json\/wp\/v2\/types\/page"}],"author":[{"embeddable":true,"href":"https:\/\/www.peoab.com\/en\/wp-json\/wp\/v2\/users\/1"}],"replies":[{"embeddable":true,"href":"https:\/\/www.peoab.com\/en\/wp-json\/wp\/v2\/comments?post=4072"}],"version-history":[{"count":0,"href":"https:\/\/www.peoab.com\/en\/wp-json\/wp\/v2\/pages\/4072\/revisions"}],"wp:attachment":[{"href":"https:\/\/www.peoab.com\/en\/wp-json\/wp\/v2\/media?parent=4072"}],"curies":[{"name":"wp","href":"https:\/\/api.w.org\/{rel}","templated":true}]}}